{"id":66,"date":"2017-08-15T11:32:16","date_gmt":"2017-08-15T11:32:16","guid":{"rendered":"http:\/\/test.semper-sicav.cz\/?page_id=66\/"},"modified":"2017-11-30T12:27:17","modified_gmt":"2017-11-30T12:27:17","slug":"o-semperi","status":"publish","type":"page","link":"https:\/\/www.semper-sicav.cz\/sk\/o-semperi\/","title":{"rendered":"O spolo\u010dnosti Semper"},"content":{"rendered":"<div id=\"pl-66\"  class=\"panel-layout\" ><div id=\"pg-66-0\"  class=\"panel-grid panel-no-style\" ><div id=\"pgc-66-0-0\"  class=\"panel-grid-cell panel-grid-cell-empty\" ><\/div><div id=\"pgc-66-0-1\"  class=\"panel-grid-cell panel-grid-cell-mobile-last\" ><div id=\"panel-66-0-1-0\" class=\"so-panel widget widget_sow-editor panel-first-child panel-last-child\" data-index=\"0\" ><div class=\"so-widget-sow-editor so-widget-sow-editor-base\">\n<div class=\"siteorigin-widget-tinymce textwidget\">\n\t<div class=\"page\" title=\"Page 3\">\n<div class=\"section\">\n<div class=\"layoutArea\">\n<div class=\"column\">\n<p>\u00a0<\/p>\n<p>Na z\u00e1klade na\u0161ich sk\u00fasenost\u00ed sme zistili, \u017ee mana\u017ement portf\u00f3lia sa d\u00e1 robi\u0165 aj inak, ako ukazuj\u00fa <strong>zaveden\u00e9 praktiky a trendy. <\/strong><\/p>\n<p>Dynamickos\u0165 dne\u0161ka nie je v s\u00falade s dlhodob\u00fdm aspektom investovania a preto sme sa rozhodli klientom prinies\u0165 rie\u0161enie, ktor\u00e9 berie oh\u013ead na financie a ich hodnotu v \u010dase.<\/p>\n<p>\u00a0<\/p>\n<\/div>\n<\/div>\n<\/div>\n<\/div>\n<div class=\"buttons-container\"><a class=\"button in-view anim-fade-in\" title=\"\" href=\"..\/sk\/informacie-o-fonde\/\">Inform\u00e1cie o fonde<\/a><\/div>\n<\/div>\n<\/div><\/div><\/div><div id=\"pgc-66-0-2\"  class=\"panel-grid-cell panel-grid-cell-empty\" ><\/div><\/div><\/div>","protected":false},"excerpt":{"rendered":"<p>Sme skupina priv\u00e1tnych bank\u00e1rov, ktor\u00ed po\u010das kari\u00e9ry z\u00edskali svoje sk\u00fasenosti v oblasti portf\u00f3lio mana\u017ementu a priv\u00e1tneho bankovn\u00edctva v bank\u00e1ch po Strednej Eur\u00f3pe.<\/p>\n","protected":false},"author":1,"featured_media":71,"parent":0,"menu_order":0,"comment_status":"closed","ping_status":"closed","template":"","meta":[],"yoast_head":"<!-- This site is optimized with the Yoast SEO plugin v17.0 - https:\/\/yoast.com\/wordpress\/plugins\/seo\/ -->\n<meta name=\"robots\" content=\"index, follow, max-snippet:-1, max-image-preview:large, max-video-preview:-1\" \/>\n<link rel=\"canonical\" href=\"https:\/\/www.semper-sicav.cz\/sk\/o-spolocnosti-semper\/\" \/>\n<meta property=\"og:locale\" content=\"sk_SK\" \/>\n<meta property=\"og:type\" content=\"article\" \/>\n<meta property=\"og:title\" content=\"O spolo\u010dnosti Semper - Semper\" \/>\n<meta property=\"og:description\" content=\"Sme skupina priv\u00e1tnych bank\u00e1rov, ktor\u00ed po\u010das kari\u00e9ry z\u00edskali svoje sk\u00fasenosti v oblasti portf\u00f3lio mana\u017ementu a priv\u00e1tneho bankovn\u00edctva v bank\u00e1ch po Strednej Eur\u00f3pe.\" \/>\n<meta property=\"og:url\" content=\"https:\/\/www.semper-sicav.cz\/o-spolocnosti-semper\/\" \/>\n<meta property=\"og:site_name\" content=\"Semper\" \/>\n<meta property=\"article:modified_time\" content=\"2017-11-30T12:27:17+00:00\" \/>\n<meta property=\"og:image\" content=\"http:\/\/www.semper-sicav.cz\/wp-content\/uploads\/2017\/08\/page.jpg\" \/>\n\t<meta property=\"og:image:width\" content=\"3041\" \/>\n\t<meta property=\"og:image:height\" content=\"845\" \/>\n<meta name=\"twitter:card\" content=\"summary\" \/>\n<script type=\"application\/ld+json\" class=\"yoast-schema-graph\">{\"@context\":\"https:\/\/schema.org\",\"@graph\":[{\"@type\":\"WebSite\",\"@id\":\"https:\/\/www.semper-sicav.cz\/#website\",\"url\":\"https:\/\/www.semper-sicav.cz\/\",\"name\":\"Semper\",\"description\":\"Just another WordPress site\",\"potentialAction\":[{\"@type\":\"SearchAction\",\"target\":{\"@type\":\"EntryPoint\",\"urlTemplate\":\"https:\/\/www.semper-sicav.cz\/?s={search_term_string}\"},\"query-input\":\"required name=search_term_string\"}],\"inLanguage\":\"sk-SK\"},{\"@type\":\"ImageObject\",\"@id\":\"https:\/\/www.semper-sicav.cz\/o-spolocnosti-semper\/#primaryimage\",\"inLanguage\":\"sk-SK\",\"url\":\"https:\/\/www.semper-sicav.cz\/wp-content\/uploads\/2017\/08\/page.jpg\",\"contentUrl\":\"https:\/\/www.semper-sicav.cz\/wp-content\/uploads\/2017\/08\/page.jpg\",\"width\":3041,\"height\":845},{\"@type\":\"WebPage\",\"@id\":\"https:\/\/www.semper-sicav.cz\/o-spolocnosti-semper\/#webpage\",\"url\":\"https:\/\/www.semper-sicav.cz\/o-spolocnosti-semper\/\",\"name\":\"O spolo\\u010dnosti Semper - Semper\",\"isPartOf\":{\"@id\":\"https:\/\/www.semper-sicav.cz\/#website\"},\"primaryImageOfPage\":{\"@id\":\"https:\/\/www.semper-sicav.cz\/o-spolocnosti-semper\/#primaryimage\"},\"datePublished\":\"2017-08-15T11:32:16+00:00\",\"dateModified\":\"2017-11-30T12:27:17+00:00\",\"breadcrumb\":{\"@id\":\"https:\/\/www.semper-sicav.cz\/o-spolocnosti-semper\/#breadcrumb\"},\"inLanguage\":\"sk-SK\",\"potentialAction\":[{\"@type\":\"ReadAction\",\"target\":[\"https:\/\/www.semper-sicav.cz\/o-spolocnosti-semper\/\"]}]},{\"@type\":\"BreadcrumbList\",\"@id\":\"https:\/\/www.semper-sicav.cz\/o-spolocnosti-semper\/#breadcrumb\",\"itemListElement\":[{\"@type\":\"ListItem\",\"position\":1,\"name\":\"Dom\\u016f\",\"item\":\"https:\/\/www.semper-sicav.cz\/sk\/\"},{\"@type\":\"ListItem\",\"position\":2,\"name\":\"O spolo\\u010dnosti Semper\"}]}]}<\/script>\n<!-- \/ Yoast SEO plugin. -->","yoast_head_json":{"robots":{"index":"index","follow":"follow","max-snippet":"max-snippet:-1","max-image-preview":"max-image-preview:large","max-video-preview":"max-video-preview:-1"},"canonical":"https:\/\/www.semper-sicav.cz\/sk\/o-spolocnosti-semper\/","og_locale":"sk_SK","og_type":"article","og_title":"O spolo\u010dnosti Semper - Semper","og_description":"Sme skupina priv\u00e1tnych bank\u00e1rov, ktor\u00ed po\u010das kari\u00e9ry z\u00edskali svoje sk\u00fasenosti v oblasti portf\u00f3lio mana\u017ementu a priv\u00e1tneho bankovn\u00edctva v bank\u00e1ch po Strednej Eur\u00f3pe.","og_url":"https:\/\/www.semper-sicav.cz\/o-spolocnosti-semper\/","og_site_name":"Semper","article_modified_time":"2017-11-30T12:27:17+00:00","og_image":[{"width":3041,"height":845,"url":"http:\/\/www.semper-sicav.cz\/wp-content\/uploads\/2017\/08\/page.jpg","path":"\/data\/6\/1\/61e46392-1ac2-4440-8602-fcc119e23892\/semper-sicav.cz\/web\/wp-content\/uploads\/2017\/08\/page.jpg","size":"full","id":71,"alt":"","pixels":2569645,"type":"image\/jpeg"}],"twitter_card":"summary","schema":{"@context":"https:\/\/schema.org","@graph":[{"@type":"WebSite","@id":"https:\/\/www.semper-sicav.cz\/#website","url":"https:\/\/www.semper-sicav.cz\/","name":"Semper","description":"Just another WordPress site","potentialAction":[{"@type":"SearchAction","target":{"@type":"EntryPoint","urlTemplate":"https:\/\/www.semper-sicav.cz\/?s={search_term_string}"},"query-input":"required name=search_term_string"}],"inLanguage":"sk-SK"},{"@type":"ImageObject","@id":"https:\/\/www.semper-sicav.cz\/o-spolocnosti-semper\/#primaryimage","inLanguage":"sk-SK","url":"https:\/\/www.semper-sicav.cz\/wp-content\/uploads\/2017\/08\/page.jpg","contentUrl":"https:\/\/www.semper-sicav.cz\/wp-content\/uploads\/2017\/08\/page.jpg","width":3041,"height":845},{"@type":"WebPage","@id":"https:\/\/www.semper-sicav.cz\/o-spolocnosti-semper\/#webpage","url":"https:\/\/www.semper-sicav.cz\/o-spolocnosti-semper\/","name":"O spolo\u010dnosti Semper - Semper","isPartOf":{"@id":"https:\/\/www.semper-sicav.cz\/#website"},"primaryImageOfPage":{"@id":"https:\/\/www.semper-sicav.cz\/o-spolocnosti-semper\/#primaryimage"},"datePublished":"2017-08-15T11:32:16+00:00","dateModified":"2017-11-30T12:27:17+00:00","breadcrumb":{"@id":"https:\/\/www.semper-sicav.cz\/o-spolocnosti-semper\/#breadcrumb"},"inLanguage":"sk-SK","potentialAction":[{"@type":"ReadAction","target":["https:\/\/www.semper-sicav.cz\/o-spolocnosti-semper\/"]}]},{"@type":"BreadcrumbList","@id":"https:\/\/www.semper-sicav.cz\/o-spolocnosti-semper\/#breadcrumb","itemListElement":[{"@type":"ListItem","position":1,"name":"Dom\u016f","item":"https:\/\/www.semper-sicav.cz\/sk\/"},{"@type":"ListItem","position":2,"name":"O spolo\u010dnosti Semper"}]}]}},"_links":{"self":[{"href":"https:\/\/www.semper-sicav.cz\/sk\/wp-json\/wp\/v2\/pages\/66"}],"collection":[{"href":"https:\/\/www.semper-sicav.cz\/sk\/wp-json\/wp\/v2\/pages"}],"about":[{"href":"https:\/\/www.semper-sicav.cz\/sk\/wp-json\/wp\/v2\/types\/page"}],"author":[{"embeddable":true,"href":"https:\/\/www.semper-sicav.cz\/sk\/wp-json\/wp\/v2\/users\/1"}],"replies":[{"embeddable":true,"href":"https:\/\/www.semper-sicav.cz\/sk\/wp-json\/wp\/v2\/comments?post=66"}],"version-history":[{"count":26,"href":"https:\/\/www.semper-sicav.cz\/sk\/wp-json\/wp\/v2\/pages\/66\/revisions"}],"predecessor-version":[{"id":484,"href":"https:\/\/www.semper-sicav.cz\/sk\/wp-json\/wp\/v2\/pages\/66\/revisions\/484"}],"wp:featuredmedia":[{"embeddable":true,"href":"https:\/\/www.semper-sicav.cz\/sk\/wp-json\/wp\/v2\/media\/71"}],"wp:attachment":[{"href":"https:\/\/www.semper-sicav.cz\/sk\/wp-json\/wp\/v2\/media?parent=66"}],"curies":[{"name":"wp","href":"https:\/\/api.w.org\/{rel}","templated":true}]}}