{"id":404,"date":"2017-08-15T12:18:55","date_gmt":"2017-08-15T12:18:55","guid":{"rendered":"http:\/\/www.semper-sicav.cz\/informace-o-fonde\/"},"modified":"2023-09-20T07:05:56","modified_gmt":"2023-09-20T07:05:56","slug":"informacie-o-fonde","status":"publish","type":"page","link":"https:\/\/www.semper-sicav.cz\/sk\/informacie-o-fonde\/","title":{"rendered":"Inform\u00e1cie o fonde"},"content":{"rendered":"<div id=\"pl-404\"  class=\"panel-layout\" ><div id=\"pg-404-0\"  class=\"panel-grid panel-no-style\" ><div id=\"pgc-404-0-0\"  class=\"panel-grid-cell panel-grid-cell-empty\" ><\/div><div id=\"pgc-404-0-1\"  class=\"panel-grid-cell\" ><div id=\"panel-404-0-1-0\" class=\"so-panel widget widget_sow-editor panel-first-child panel-last-child\" data-index=\"0\" ><div class=\"so-widget-sow-editor so-widget-sow-editor-base\">\n<div class=\"siteorigin-widget-tinymce textwidget\">\n\t<div class=\"page\" title=\"Page 3\">\n<div class=\"section\">\n<div class=\"layoutArea\">\n<div class=\"column\">\n<div>\u00a0<\/div>\n<div class=\"column\">Mana\u017ement portf\u00f3lia si vy\u017eaduje <strong>neust\u00e1le v\u00e4\u010d\u0161iu sk\u00fasenos\u0165, prec\u00edznos\u0165 a \u010das.<\/strong> T\u00e1to kombin\u00e1cia neumo\u017e\u0148uje v\u0161etk\u00fdm \u013eudom otvoren\u00fa cestu do sveta invest\u00edci\u00ed. Semper je \u0161trukturovan\u00fd tak, aby va\u0161im invest\u00edci\u00e1m nech\u00fdbalo v akejko\u013evek chv\u00edli oko odborn\u00edka.<\/div>\n<div class=\"page\" title=\"Page 3\">\n<div class=\"section\">\n<div class=\"layoutArea\">\n<div class=\"column\">\n<p>Investovanie je tak otvoren\u00e9 aj \u013eu\u010fom, ktor\u00fd investi\u010dn\u00fdm procesom nedok\u00e1\u017eu venova\u0165 dostatok \u010dasu.\u00a0Numizmatika v\u010faka Semper nie je len kr\u00e1snou z\u00e1\u013eubou, ale tie\u017e po prv\u00fdkr\u00e1t v strednej Eur\u00f3pe aj investi\u010dnou pr\u00edle\u017eitos\u0165ou.<\/p>\n<\/div>\n<\/div>\n<\/div>\n<\/div>\n<\/div>\n<\/div>\n<\/div>\n<\/div>\n<\/div>\n<\/div><\/div><\/div><div id=\"pgc-404-0-2\"  class=\"panel-grid-cell\" ><div id=\"panel-404-0-2-0\" class=\"so-panel widget widget_sow-editor panel-first-child panel-last-child\" data-index=\"1\" ><div class=\"so-widget-sow-editor so-widget-sow-editor-base\">\n<div class=\"siteorigin-widget-tinymce textwidget\">\n\t<p>Podfond NUMIZMATIC je \u0161trukturovan\u00fd tak, aby priniesol v\u00fdnos nielen sk\u00fasen\u00fdm investorom, ale tie\u017e \u013eu\u010fom, ktor\u00fd do investi\u010dnej numizmatiky iba vstupuj\u00fa.<\/p>\n<p>Podfond NUMIZMATIC je na\u0161ou odpove\u010fou na trendy posledn\u00fdch rokov, ktor\u00e9 ukazuj\u00fa bezprecedentn\u00e9 investi\u010dn\u00e9 v\u00fdnosy.<\/p>\n<p>Doporu\u010den\u00fd investi\u010dn\u00fd horizont je 5 a viac rokov.<\/p>\n<\/div>\n<\/div><\/div><\/div><\/div><div id=\"pg-404-1\"  class=\"panel-grid panel-no-style\" ><div id=\"pgc-404-1-0\"  class=\"panel-grid-cell\" ><div id=\"panel-404-1-0-0\" class=\"so-panel widget widget_sow-editor panel-first-child panel-last-child\" data-index=\"2\" ><div class=\"so-widget-sow-editor so-widget-sow-editor-base\">\n<div class=\"siteorigin-widget-tinymce textwidget\">\n\t<h2 style=\"text-align: center;\">Investi\u010dn\u00e9 fondy<\/h2>\n<\/div>\n<\/div><\/div><\/div><\/div><div id=\"pg-404-2\"  class=\"panel-grid panel-no-style\" ><div id=\"pgc-404-2-0\"  class=\"panel-grid-cell panel-grid-cell-empty\" ><\/div><div id=\"pgc-404-2-1\"  class=\"panel-grid-cell panel-grid-cell-mobile-last\" ><div id=\"panel-404-2-1-0\" class=\"so-panel widget widget_sow-image panel-first-child panel-last-child\" data-index=\"3\" ><div class=\"so-widget-sow-image so-widget-sow-image-default-d6014b76747a-404\">\n\n<div class=\"sow-image-container\">\n\t\t<img src=\"https:\/\/www.semper-sicav.cz\/wp-content\/uploads\/2017\/08\/2-2-1.jpg\" width=\"800\" height=\"535\" srcset=\"https:\/\/www.semper-sicav.cz\/wp-content\/uploads\/2017\/08\/2-2-1.jpg 800w, https:\/\/www.semper-sicav.cz\/wp-content\/uploads\/2017\/08\/2-2-1-300x201.jpg 300w, https:\/\/www.semper-sicav.cz\/wp-content\/uploads\/2017\/08\/2-2-1-768x514.jpg 768w, https:\/\/www.semper-sicav.cz\/wp-content\/uploads\/2017\/08\/2-2-1-480x321.jpg 480w, https:\/\/www.semper-sicav.cz\/wp-content\/uploads\/2017\/08\/2-2-1-272x182.jpg 272w\" sizes=\"(max-width: 800px) 100vw, 800px\" title=\"2-2\" alt=\"\" loading=\"lazy\" \t\tclass=\"so-widget-image\"\/>\n\t<\/div>\n\n<\/div><\/div><\/div><div id=\"pgc-404-2-2\"  class=\"panel-grid-cell panel-grid-cell-empty\" ><\/div><\/div><div id=\"pg-404-3\"  class=\"panel-grid panel-no-style\" ><div id=\"pgc-404-3-0\"  class=\"panel-grid-cell panel-grid-cell-empty\" ><\/div><div id=\"pgc-404-3-1\"  class=\"panel-grid-cell panel-grid-cell-mobile-last\" ><div id=\"panel-404-3-1-0\" class=\"so-panel widget widget_sow-editor panel-first-child panel-last-child\" data-index=\"4\" ><div class=\"so-widget-sow-editor so-widget-sow-editor-base\">\n<div class=\"siteorigin-widget-tinymce textwidget\">\n\t<h3>Podfond NUMIZMATIC<\/h3>\n<div class=\"page\" title=\"Page 3\">\n<div class=\"section\">\n<div class=\"layoutArea\">\n<div class=\"column\">\n<p>Posledn\u00fdch dvadsa\u0165 rokov trh so vz\u00e1cnymi mincami jasne indikuje stabilne vysok\u00fd v\u00fdnos.<\/p>\n<\/div>\n<\/div>\n<\/div>\n<\/div>\n<p><a class=\"button in-view anim-fade-in animated\" title=\"\" href=\"..\/sk\/numizmaticky-fond\/\">Viac o fonde<\/a><\/p>\n<p>\u00a0<\/p>\n<\/div>\n<\/div><\/div><\/div><div id=\"pgc-404-3-2\"  class=\"panel-grid-cell panel-grid-cell-empty\" ><\/div><\/div><\/div>","protected":false},"excerpt":{"rendered":"<p>Semper vytv\u00e1ra mechanizmus na rie\u0161enie dvoch investi\u010dn\u00fdch probl\u00e9mov dne\u0161ka.<\/p>\n","protected":false},"author":1,"featured_media":71,"parent":0,"menu_order":0,"comment_status":"closed","ping_status":"closed","template":"","meta":[],"yoast_head":"<!-- This site is optimized with the Yoast SEO plugin v17.0 - https:\/\/yoast.com\/wordpress\/plugins\/seo\/ -->\n<meta name=\"robots\" content=\"index, follow, max-snippet:-1, max-image-preview:large, max-video-preview:-1\" \/>\n<link rel=\"canonical\" href=\"https:\/\/www.semper-sicav.cz\/sk\/informacie-o-fonde\/\" \/>\n<meta property=\"og:locale\" content=\"sk_SK\" \/>\n<meta property=\"og:type\" content=\"article\" \/>\n<meta property=\"og:title\" content=\"Inform\u00e1cie o fonde - Semper\" \/>\n<meta property=\"og:description\" content=\"Semper vytv\u00e1ra mechanizmus na rie\u0161enie dvoch investi\u010dn\u00fdch probl\u00e9mov dne\u0161ka.\" \/>\n<meta property=\"og:url\" content=\"https:\/\/www.semper-sicav.cz\/sk\/informacie-o-fonde\/\" \/>\n<meta property=\"og:site_name\" content=\"Semper\" \/>\n<meta property=\"article:modified_time\" content=\"2023-09-20T07:05:56+00:00\" \/>\n<meta property=\"og:image\" content=\"https:\/\/www.semper-sicav.cz\/wp-content\/uploads\/2017\/08\/page.jpg\" \/>\n\t<meta property=\"og:image:width\" content=\"3041\" \/>\n\t<meta property=\"og:image:height\" content=\"845\" \/>\n<meta name=\"twitter:card\" content=\"summary\" \/>\n<meta name=\"twitter:label1\" content=\"Est. reading time\" \/>\n\t<meta name=\"twitter:data1\" content=\"1 minute\" \/>\n<script type=\"application\/ld+json\" class=\"yoast-schema-graph\">{\"@context\":\"https:\/\/schema.org\",\"@graph\":[{\"@type\":\"WebSite\",\"@id\":\"https:\/\/www.semper-sicav.cz\/#website\",\"url\":\"https:\/\/www.semper-sicav.cz\/\",\"name\":\"Semper\",\"description\":\"Just another WordPress site\",\"potentialAction\":[{\"@type\":\"SearchAction\",\"target\":{\"@type\":\"EntryPoint\",\"urlTemplate\":\"https:\/\/www.semper-sicav.cz\/?s={search_term_string}\"},\"query-input\":\"required name=search_term_string\"}],\"inLanguage\":\"sk-SK\"},{\"@type\":\"ImageObject\",\"@id\":\"https:\/\/www.semper-sicav.cz\/sk\/informacie-o-fonde\/#primaryimage\",\"inLanguage\":\"sk-SK\",\"url\":\"https:\/\/www.semper-sicav.cz\/wp-content\/uploads\/2017\/08\/page.jpg\",\"contentUrl\":\"https:\/\/www.semper-sicav.cz\/wp-content\/uploads\/2017\/08\/page.jpg\",\"width\":3041,\"height\":845},{\"@type\":\"WebPage\",\"@id\":\"https:\/\/www.semper-sicav.cz\/sk\/informacie-o-fonde\/#webpage\",\"url\":\"https:\/\/www.semper-sicav.cz\/sk\/informacie-o-fonde\/\",\"name\":\"Inform\\u00e1cie o fonde - Semper\",\"isPartOf\":{\"@id\":\"https:\/\/www.semper-sicav.cz\/#website\"},\"primaryImageOfPage\":{\"@id\":\"https:\/\/www.semper-sicav.cz\/sk\/informacie-o-fonde\/#primaryimage\"},\"datePublished\":\"2017-08-15T12:18:55+00:00\",\"dateModified\":\"2023-09-20T07:05:56+00:00\",\"breadcrumb\":{\"@id\":\"https:\/\/www.semper-sicav.cz\/sk\/informacie-o-fonde\/#breadcrumb\"},\"inLanguage\":\"sk-SK\",\"potentialAction\":[{\"@type\":\"ReadAction\",\"target\":[\"https:\/\/www.semper-sicav.cz\/sk\/informacie-o-fonde\/\"]}]},{\"@type\":\"BreadcrumbList\",\"@id\":\"https:\/\/www.semper-sicav.cz\/sk\/informacie-o-fonde\/#breadcrumb\",\"itemListElement\":[{\"@type\":\"ListItem\",\"position\":1,\"name\":\"Dom\\u016f\",\"item\":\"https:\/\/www.semper-sicav.cz\/sk\/\"},{\"@type\":\"ListItem\",\"position\":2,\"name\":\"Inform\\u00e1cie o fonde\"}]}]}<\/script>\n<!-- \/ Yoast SEO plugin. -->","yoast_head_json":{"robots":{"index":"index","follow":"follow","max-snippet":"max-snippet:-1","max-image-preview":"max-image-preview:large","max-video-preview":"max-video-preview:-1"},"canonical":"https:\/\/www.semper-sicav.cz\/sk\/informacie-o-fonde\/","og_locale":"sk_SK","og_type":"article","og_title":"Inform\u00e1cie o fonde - Semper","og_description":"Semper vytv\u00e1ra mechanizmus na rie\u0161enie dvoch investi\u010dn\u00fdch probl\u00e9mov dne\u0161ka.","og_url":"https:\/\/www.semper-sicav.cz\/sk\/informacie-o-fonde\/","og_site_name":"Semper","article_modified_time":"2023-09-20T07:05:56+00:00","og_image":[{"width":3041,"height":845,"url":"https:\/\/www.semper-sicav.cz\/wp-content\/uploads\/2017\/08\/page.jpg","path":"\/data\/6\/1\/61e46392-1ac2-4440-8602-fcc119e23892\/semper-sicav.cz\/web\/wp-content\/uploads\/2017\/08\/page.jpg","size":"full","id":71,"alt":"","pixels":2569645,"type":"image\/jpeg"}],"twitter_card":"summary","twitter_misc":{"Est. reading time":"1 minute"},"schema":{"@context":"https:\/\/schema.org","@graph":[{"@type":"WebSite","@id":"https:\/\/www.semper-sicav.cz\/#website","url":"https:\/\/www.semper-sicav.cz\/","name":"Semper","description":"Just another WordPress site","potentialAction":[{"@type":"SearchAction","target":{"@type":"EntryPoint","urlTemplate":"https:\/\/www.semper-sicav.cz\/?s={search_term_string}"},"query-input":"required name=search_term_string"}],"inLanguage":"sk-SK"},{"@type":"ImageObject","@id":"https:\/\/www.semper-sicav.cz\/sk\/informacie-o-fonde\/#primaryimage","inLanguage":"sk-SK","url":"https:\/\/www.semper-sicav.cz\/wp-content\/uploads\/2017\/08\/page.jpg","contentUrl":"https:\/\/www.semper-sicav.cz\/wp-content\/uploads\/2017\/08\/page.jpg","width":3041,"height":845},{"@type":"WebPage","@id":"https:\/\/www.semper-sicav.cz\/sk\/informacie-o-fonde\/#webpage","url":"https:\/\/www.semper-sicav.cz\/sk\/informacie-o-fonde\/","name":"Inform\u00e1cie o fonde - Semper","isPartOf":{"@id":"https:\/\/www.semper-sicav.cz\/#website"},"primaryImageOfPage":{"@id":"https:\/\/www.semper-sicav.cz\/sk\/informacie-o-fonde\/#primaryimage"},"datePublished":"2017-08-15T12:18:55+00:00","dateModified":"2023-09-20T07:05:56+00:00","breadcrumb":{"@id":"https:\/\/www.semper-sicav.cz\/sk\/informacie-o-fonde\/#breadcrumb"},"inLanguage":"sk-SK","potentialAction":[{"@type":"ReadAction","target":["https:\/\/www.semper-sicav.cz\/sk\/informacie-o-fonde\/"]}]},{"@type":"BreadcrumbList","@id":"https:\/\/www.semper-sicav.cz\/sk\/informacie-o-fonde\/#breadcrumb","itemListElement":[{"@type":"ListItem","position":1,"name":"Dom\u016f","item":"https:\/\/www.semper-sicav.cz\/sk\/"},{"@type":"ListItem","position":2,"name":"Inform\u00e1cie o fonde"}]}]}},"_links":{"self":[{"href":"https:\/\/www.semper-sicav.cz\/sk\/wp-json\/wp\/v2\/pages\/404"}],"collection":[{"href":"https:\/\/www.semper-sicav.cz\/sk\/wp-json\/wp\/v2\/pages"}],"about":[{"href":"https:\/\/www.semper-sicav.cz\/sk\/wp-json\/wp\/v2\/types\/page"}],"author":[{"embeddable":true,"href":"https:\/\/www.semper-sicav.cz\/sk\/wp-json\/wp\/v2\/users\/1"}],"replies":[{"embeddable":true,"href":"https:\/\/www.semper-sicav.cz\/sk\/wp-json\/wp\/v2\/comments?post=404"}],"version-history":[{"count":15,"href":"https:\/\/www.semper-sicav.cz\/sk\/wp-json\/wp\/v2\/pages\/404\/revisions"}],"predecessor-version":[{"id":789,"href":"https:\/\/www.semper-sicav.cz\/sk\/wp-json\/wp\/v2\/pages\/404\/revisions\/789"}],"wp:featuredmedia":[{"embeddable":true,"href":"https:\/\/www.semper-sicav.cz\/sk\/wp-json\/wp\/v2\/media\/71"}],"wp:attachment":[{"href":"https:\/\/www.semper-sicav.cz\/sk\/wp-json\/wp\/v2\/media?parent=404"}],"curies":[{"name":"wp","href":"https:\/\/api.w.org\/{rel}","templated":true}]}}