{"id":319,"date":"2017-11-30T11:27:10","date_gmt":"2017-11-30T11:27:10","guid":{"rendered":"http:\/\/www.semper-sicav.cz\/?page_id=319"},"modified":"2017-11-30T11:27:40","modified_gmt":"2017-11-30T11:27:40","slug":"numizmaticky-fond","status":"publish","type":"page","link":"https:\/\/www.semper-sicav.cz\/sk\/numizmaticky-fond\/","title":{"rendered":"Numizmatick\u00fd fond"},"content":{"rendered":"<div id=\"pl-319\"  class=\"panel-layout\" ><div id=\"pg-319-0\"  class=\"panel-grid panel-no-style\" ><div id=\"pgc-319-0-0\"  class=\"panel-grid-cell panel-grid-cell-empty\" ><\/div><div id=\"pgc-319-0-1\"  class=\"panel-grid-cell panel-grid-cell-mobile-last\" ><div id=\"panel-319-0-1-0\" class=\"so-panel widget widget_sow-editor panel-first-child panel-last-child\" data-index=\"0\" ><div class=\"so-widget-sow-editor so-widget-sow-editor-base\">\n<div class=\"siteorigin-widget-tinymce textwidget\">\n\t<p>\u00a0<\/p>\n<p><strong>V\u010faka \u0161pecifick\u00e9mu fondu zameran\u00e9mu na investovanie do vz\u00e1cnych minc\u00ed z\u00edskaj\u00fa investori mo\u017enos\u0165 dlhodobo uplatni\u0165 svoje finan\u010dn\u00e9 rezervy na dynamicky rast\u00facom trhu, ktor\u00fd m\u00e1 predispoz\u00edcie na dlhodob\u00fa v\u00fdnosnos\u0165 a rast. <\/strong><\/p>\n<p><span style=\"font-weight: 400;\">Mince predstavuj\u00fa bezpe\u010dn\u00fa invest\u00edciu a to prim\u00e1rne preto, lebo s\u00fa overen\u00e9 \u010dasom a ich po\u010det sa zni\u017euje, \u010d\u00edm sa, naopak, exponenci\u00e1lne zvy\u0161uje ich hodnota. Navy\u0161e so st\u00fapaj\u00facim mno\u017estvom z\u00e1ujemcov o mince, a st\u00fapaj\u00facou hodnotou zlata a striebra, sa predpoklad\u00e1 n\u00e1sledn\u00e9 zvy\u0161ovanie hodnoty minc\u00ed. <\/span><\/p>\n<\/div>\n<\/div><\/div><\/div><div id=\"pgc-319-0-2\"  class=\"panel-grid-cell panel-grid-cell-empty\" ><\/div><\/div><\/div>","protected":false},"excerpt":{"rendered":"<p>Posledn\u00fdch dvadsa\u0165 rokov trh so vz\u00e1cnymi mincami jasne indikuje stabilne vysok\u00fd v\u00fdnos. Numizmatick\u00fd fond odb\u00farava ak\u00e9ko\u013evek bari\u00e9ry vstupu a je prv\u00fdm svojho druhu v strednej Eur\u00f3pe.<\/p>\n","protected":false},"author":2,"featured_media":327,"parent":0,"menu_order":0,"comment_status":"closed","ping_status":"closed","template":"","meta":[],"yoast_head":"<!-- This site is optimized with the Yoast SEO plugin v17.0 - https:\/\/yoast.com\/wordpress\/plugins\/seo\/ -->\n<meta name=\"robots\" content=\"index, follow, max-snippet:-1, max-image-preview:large, max-video-preview:-1\" \/>\n<link rel=\"canonical\" href=\"https:\/\/www.semper-sicav.cz\/sk\/numizmaticky-fond\/\" \/>\n<meta property=\"og:locale\" content=\"sk_SK\" \/>\n<meta property=\"og:type\" content=\"article\" \/>\n<meta property=\"og:title\" content=\"Numizmatick\u00fd fond - Semper\" \/>\n<meta property=\"og:description\" content=\"Posledn\u00fdch dvadsa\u0165 rokov trh so vz\u00e1cnymi mincami jasne indikuje stabilne vysok\u00fd v\u00fdnos. Numizmatick\u00fd fond odb\u00farava ak\u00e9ko\u013evek bari\u00e9ry vstupu a je prv\u00fdm svojho druhu v strednej Eur\u00f3pe.\" \/>\n<meta property=\"og:url\" content=\"https:\/\/www.semper-sicav.cz\/sk\/numizmaticky-fond\/\" \/>\n<meta property=\"og:site_name\" content=\"Semper\" \/>\n<meta property=\"article:modified_time\" content=\"2017-11-30T11:27:40+00:00\" \/>\n<meta property=\"og:image\" content=\"http:\/\/www.semper-sicav.cz\/wp-content\/uploads\/2017\/10\/page2-1.jpg\" \/>\n\t<meta property=\"og:image:width\" content=\"3041\" \/>\n\t<meta property=\"og:image:height\" content=\"845\" \/>\n<meta name=\"twitter:card\" content=\"summary\" \/>\n<script type=\"application\/ld+json\" class=\"yoast-schema-graph\">{\"@context\":\"https:\/\/schema.org\",\"@graph\":[{\"@type\":\"WebSite\",\"@id\":\"https:\/\/www.semper-sicav.cz\/#website\",\"url\":\"https:\/\/www.semper-sicav.cz\/\",\"name\":\"Semper\",\"description\":\"Just another WordPress site\",\"potentialAction\":[{\"@type\":\"SearchAction\",\"target\":{\"@type\":\"EntryPoint\",\"urlTemplate\":\"https:\/\/www.semper-sicav.cz\/?s={search_term_string}\"},\"query-input\":\"required name=search_term_string\"}],\"inLanguage\":\"sk-SK\"},{\"@type\":\"ImageObject\",\"@id\":\"https:\/\/www.semper-sicav.cz\/sk\/numizmaticky-fond\/#primaryimage\",\"inLanguage\":\"sk-SK\",\"url\":\"https:\/\/www.semper-sicav.cz\/wp-content\/uploads\/2017\/10\/page2-1.jpg\",\"contentUrl\":\"https:\/\/www.semper-sicav.cz\/wp-content\/uploads\/2017\/10\/page2-1.jpg\",\"width\":3041,\"height\":845},{\"@type\":\"WebPage\",\"@id\":\"https:\/\/www.semper-sicav.cz\/sk\/numizmaticky-fond\/#webpage\",\"url\":\"https:\/\/www.semper-sicav.cz\/sk\/numizmaticky-fond\/\",\"name\":\"Numizmatick\\u00fd fond - Semper\",\"isPartOf\":{\"@id\":\"https:\/\/www.semper-sicav.cz\/#website\"},\"primaryImageOfPage\":{\"@id\":\"https:\/\/www.semper-sicav.cz\/sk\/numizmaticky-fond\/#primaryimage\"},\"datePublished\":\"2017-11-30T11:27:10+00:00\",\"dateModified\":\"2017-11-30T11:27:40+00:00\",\"breadcrumb\":{\"@id\":\"https:\/\/www.semper-sicav.cz\/sk\/numizmaticky-fond\/#breadcrumb\"},\"inLanguage\":\"sk-SK\",\"potentialAction\":[{\"@type\":\"ReadAction\",\"target\":[\"https:\/\/www.semper-sicav.cz\/sk\/numizmaticky-fond\/\"]}]},{\"@type\":\"BreadcrumbList\",\"@id\":\"https:\/\/www.semper-sicav.cz\/sk\/numizmaticky-fond\/#breadcrumb\",\"itemListElement\":[{\"@type\":\"ListItem\",\"position\":1,\"name\":\"Dom\\u016f\",\"item\":\"https:\/\/www.semper-sicav.cz\/sk\/\"},{\"@type\":\"ListItem\",\"position\":2,\"name\":\"Numizmatick\\u00fd fond\"}]}]}<\/script>\n<!-- \/ Yoast SEO plugin. -->","yoast_head_json":{"robots":{"index":"index","follow":"follow","max-snippet":"max-snippet:-1","max-image-preview":"max-image-preview:large","max-video-preview":"max-video-preview:-1"},"canonical":"https:\/\/www.semper-sicav.cz\/sk\/numizmaticky-fond\/","og_locale":"sk_SK","og_type":"article","og_title":"Numizmatick\u00fd fond - Semper","og_description":"Posledn\u00fdch dvadsa\u0165 rokov trh so vz\u00e1cnymi mincami jasne indikuje stabilne vysok\u00fd v\u00fdnos. Numizmatick\u00fd fond odb\u00farava ak\u00e9ko\u013evek bari\u00e9ry vstupu a je prv\u00fdm svojho druhu v strednej Eur\u00f3pe.","og_url":"https:\/\/www.semper-sicav.cz\/sk\/numizmaticky-fond\/","og_site_name":"Semper","article_modified_time":"2017-11-30T11:27:40+00:00","og_image":[{"width":3041,"height":845,"url":"http:\/\/www.semper-sicav.cz\/wp-content\/uploads\/2017\/10\/page2-1.jpg","path":"\/data\/6\/1\/61e46392-1ac2-4440-8602-fcc119e23892\/semper-sicav.cz\/web\/wp-content\/uploads\/2017\/10\/page2-1.jpg","size":"full","id":327,"alt":"","pixels":2569645,"type":"image\/jpeg"}],"twitter_card":"summary","schema":{"@context":"https:\/\/schema.org","@graph":[{"@type":"WebSite","@id":"https:\/\/www.semper-sicav.cz\/#website","url":"https:\/\/www.semper-sicav.cz\/","name":"Semper","description":"Just another WordPress site","potentialAction":[{"@type":"SearchAction","target":{"@type":"EntryPoint","urlTemplate":"https:\/\/www.semper-sicav.cz\/?s={search_term_string}"},"query-input":"required name=search_term_string"}],"inLanguage":"sk-SK"},{"@type":"ImageObject","@id":"https:\/\/www.semper-sicav.cz\/sk\/numizmaticky-fond\/#primaryimage","inLanguage":"sk-SK","url":"https:\/\/www.semper-sicav.cz\/wp-content\/uploads\/2017\/10\/page2-1.jpg","contentUrl":"https:\/\/www.semper-sicav.cz\/wp-content\/uploads\/2017\/10\/page2-1.jpg","width":3041,"height":845},{"@type":"WebPage","@id":"https:\/\/www.semper-sicav.cz\/sk\/numizmaticky-fond\/#webpage","url":"https:\/\/www.semper-sicav.cz\/sk\/numizmaticky-fond\/","name":"Numizmatick\u00fd fond - Semper","isPartOf":{"@id":"https:\/\/www.semper-sicav.cz\/#website"},"primaryImageOfPage":{"@id":"https:\/\/www.semper-sicav.cz\/sk\/numizmaticky-fond\/#primaryimage"},"datePublished":"2017-11-30T11:27:10+00:00","dateModified":"2017-11-30T11:27:40+00:00","breadcrumb":{"@id":"https:\/\/www.semper-sicav.cz\/sk\/numizmaticky-fond\/#breadcrumb"},"inLanguage":"sk-SK","potentialAction":[{"@type":"ReadAction","target":["https:\/\/www.semper-sicav.cz\/sk\/numizmaticky-fond\/"]}]},{"@type":"BreadcrumbList","@id":"https:\/\/www.semper-sicav.cz\/sk\/numizmaticky-fond\/#breadcrumb","itemListElement":[{"@type":"ListItem","position":1,"name":"Dom\u016f","item":"https:\/\/www.semper-sicav.cz\/sk\/"},{"@type":"ListItem","position":2,"name":"Numizmatick\u00fd fond"}]}]}},"_links":{"self":[{"href":"https:\/\/www.semper-sicav.cz\/sk\/wp-json\/wp\/v2\/pages\/319"}],"collection":[{"href":"https:\/\/www.semper-sicav.cz\/sk\/wp-json\/wp\/v2\/pages"}],"about":[{"href":"https:\/\/www.semper-sicav.cz\/sk\/wp-json\/wp\/v2\/types\/page"}],"author":[{"embeddable":true,"href":"https:\/\/www.semper-sicav.cz\/sk\/wp-json\/wp\/v2\/users\/2"}],"replies":[{"embeddable":true,"href":"https:\/\/www.semper-sicav.cz\/sk\/wp-json\/wp\/v2\/comments?post=319"}],"version-history":[{"count":5,"href":"https:\/\/www.semper-sicav.cz\/sk\/wp-json\/wp\/v2\/pages\/319\/revisions"}],"predecessor-version":[{"id":457,"href":"https:\/\/www.semper-sicav.cz\/sk\/wp-json\/wp\/v2\/pages\/319\/revisions\/457"}],"wp:featuredmedia":[{"embeddable":true,"href":"https:\/\/www.semper-sicav.cz\/sk\/wp-json\/wp\/v2\/media\/327"}],"wp:attachment":[{"href":"https:\/\/www.semper-sicav.cz\/sk\/wp-json\/wp\/v2\/media?parent=319"}],"curies":[{"name":"wp","href":"https:\/\/api.w.org\/{rel}","templated":true}]}}