{"id":105,"date":"2017-08-15T12:20:10","date_gmt":"2017-08-15T12:20:10","guid":{"rendered":"http:\/\/test.semper-sicav.cz\/?page_id=105\/"},"modified":"2022-07-28T09:11:54","modified_gmt":"2022-07-28T09:11:54","slug":"povinne-informacie","status":"publish","type":"page","link":"https:\/\/www.semper-sicav.cz\/sk\/povinne-informacie\/","title":{"rendered":"Povinn\u00e9 inform\u00e1cie"},"content":{"rendered":"<div id=\"pl-105\"  class=\"panel-layout\" ><div id=\"pg-105-0\"  class=\"panel-grid panel-no-style\" ><div id=\"pgc-105-0-0\"  class=\"panel-grid-cell panel-grid-cell-empty\" ><\/div><div id=\"pgc-105-0-1\"  class=\"panel-grid-cell panel-grid-cell-mobile-last\" ><div id=\"panel-105-0-1-0\" class=\"so-panel widget widget_sow-editor panel-first-child panel-last-child\" data-index=\"0\" ><div class=\"so-widget-sow-editor so-widget-sow-editor-base\">\n<div class=\"siteorigin-widget-tinymce textwidget\">\n\t<h3><\/h3>\n<h3>SEMPER SICAV, a.s.<\/h3>\n<p>Hv\u011bzdova 1716\/2b, Nusle<br \/>\n140 00 Praha 4<br \/>\n\u010cesk\u00e1 republika<\/p>\n<p>I\u010cO: 06296921<br \/>\nDI\u010c: CZ 06296921<\/p>\n<p><em>Spisov\u00e1 zna\u010dka 22717 B, Mestsk\u00fd s\u00fad v Prahe<\/em><\/p>\n<\/div>\n<\/div><\/div><\/div><div id=\"pgc-105-0-2\"  class=\"panel-grid-cell panel-grid-cell-empty\" ><\/div><\/div><\/div>","protected":false},"excerpt":{"rendered":"<p>Na tomto mieste n\u00e1jdete v\u0161etky d\u00f4le\u017eit\u00e9 inform\u00e1cie a dokumenty o na\u0161ej spolo\u010dnosti.<\/p>\n","protected":false},"author":1,"featured_media":71,"parent":0,"menu_order":0,"comment_status":"closed","ping_status":"closed","template":"","meta":[],"yoast_head":"<!-- This site is optimized with the Yoast SEO plugin v17.0 - https:\/\/yoast.com\/wordpress\/plugins\/seo\/ -->\n<meta name=\"robots\" content=\"index, follow, max-snippet:-1, max-image-preview:large, max-video-preview:-1\" \/>\n<link rel=\"canonical\" href=\"https:\/\/www.semper-sicav.cz\/sk\/povinne-informacie\/\" \/>\n<meta property=\"og:locale\" content=\"sk_SK\" \/>\n<meta property=\"og:type\" content=\"article\" \/>\n<meta property=\"og:title\" content=\"Povinn\u00e9 inform\u00e1cie - Semper\" \/>\n<meta property=\"og:description\" content=\"Na tomto mieste n\u00e1jdete v\u0161etky d\u00f4le\u017eit\u00e9 inform\u00e1cie a dokumenty o na\u0161ej spolo\u010dnosti.\" \/>\n<meta property=\"og:url\" content=\"https:\/\/www.semper-sicav.cz\/sk\/povinne-informacie\/\" \/>\n<meta property=\"og:site_name\" content=\"Semper\" \/>\n<meta property=\"article:modified_time\" content=\"2022-07-28T09:11:54+00:00\" \/>\n<meta property=\"og:image\" content=\"https:\/\/www.semper-sicav.cz\/wp-content\/uploads\/2017\/08\/page.jpg\" \/>\n\t<meta property=\"og:image:width\" content=\"3041\" \/>\n\t<meta property=\"og:image:height\" content=\"845\" \/>\n<meta name=\"twitter:card\" content=\"summary\" \/>\n<script type=\"application\/ld+json\" class=\"yoast-schema-graph\">{\"@context\":\"https:\/\/schema.org\",\"@graph\":[{\"@type\":\"WebSite\",\"@id\":\"https:\/\/www.semper-sicav.cz\/#website\",\"url\":\"https:\/\/www.semper-sicav.cz\/\",\"name\":\"Semper\",\"description\":\"Just another WordPress site\",\"potentialAction\":[{\"@type\":\"SearchAction\",\"target\":{\"@type\":\"EntryPoint\",\"urlTemplate\":\"https:\/\/www.semper-sicav.cz\/?s={search_term_string}\"},\"query-input\":\"required name=search_term_string\"}],\"inLanguage\":\"sk-SK\"},{\"@type\":\"ImageObject\",\"@id\":\"https:\/\/www.semper-sicav.cz\/sk\/povinne-informacie\/#primaryimage\",\"inLanguage\":\"sk-SK\",\"url\":\"https:\/\/www.semper-sicav.cz\/wp-content\/uploads\/2017\/08\/page.jpg\",\"contentUrl\":\"https:\/\/www.semper-sicav.cz\/wp-content\/uploads\/2017\/08\/page.jpg\",\"width\":3041,\"height\":845},{\"@type\":\"WebPage\",\"@id\":\"https:\/\/www.semper-sicav.cz\/sk\/povinne-informacie\/#webpage\",\"url\":\"https:\/\/www.semper-sicav.cz\/sk\/povinne-informacie\/\",\"name\":\"Povinn\\u00e9 inform\\u00e1cie - Semper\",\"isPartOf\":{\"@id\":\"https:\/\/www.semper-sicav.cz\/#website\"},\"primaryImageOfPage\":{\"@id\":\"https:\/\/www.semper-sicav.cz\/sk\/povinne-informacie\/#primaryimage\"},\"datePublished\":\"2017-08-15T12:20:10+00:00\",\"dateModified\":\"2022-07-28T09:11:54+00:00\",\"breadcrumb\":{\"@id\":\"https:\/\/www.semper-sicav.cz\/sk\/povinne-informacie\/#breadcrumb\"},\"inLanguage\":\"sk-SK\",\"potentialAction\":[{\"@type\":\"ReadAction\",\"target\":[\"https:\/\/www.semper-sicav.cz\/sk\/povinne-informacie\/\"]}]},{\"@type\":\"BreadcrumbList\",\"@id\":\"https:\/\/www.semper-sicav.cz\/sk\/povinne-informacie\/#breadcrumb\",\"itemListElement\":[{\"@type\":\"ListItem\",\"position\":1,\"name\":\"Dom\\u016f\",\"item\":\"https:\/\/www.semper-sicav.cz\/sk\/\"},{\"@type\":\"ListItem\",\"position\":2,\"name\":\"Povinn\\u00e9 inform\\u00e1cie\"}]}]}<\/script>\n<!-- \/ Yoast SEO plugin. -->","yoast_head_json":{"robots":{"index":"index","follow":"follow","max-snippet":"max-snippet:-1","max-image-preview":"max-image-preview:large","max-video-preview":"max-video-preview:-1"},"canonical":"https:\/\/www.semper-sicav.cz\/sk\/povinne-informacie\/","og_locale":"sk_SK","og_type":"article","og_title":"Povinn\u00e9 inform\u00e1cie - Semper","og_description":"Na tomto mieste n\u00e1jdete v\u0161etky d\u00f4le\u017eit\u00e9 inform\u00e1cie a dokumenty o na\u0161ej spolo\u010dnosti.","og_url":"https:\/\/www.semper-sicav.cz\/sk\/povinne-informacie\/","og_site_name":"Semper","article_modified_time":"2022-07-28T09:11:54+00:00","og_image":[{"width":3041,"height":845,"url":"https:\/\/www.semper-sicav.cz\/wp-content\/uploads\/2017\/08\/page.jpg","path":"\/data\/6\/1\/61e46392-1ac2-4440-8602-fcc119e23892\/semper-sicav.cz\/web\/wp-content\/uploads\/2017\/08\/page.jpg","size":"full","id":71,"alt":"","pixels":2569645,"type":"image\/jpeg"}],"twitter_card":"summary","schema":{"@context":"https:\/\/schema.org","@graph":[{"@type":"WebSite","@id":"https:\/\/www.semper-sicav.cz\/#website","url":"https:\/\/www.semper-sicav.cz\/","name":"Semper","description":"Just another WordPress site","potentialAction":[{"@type":"SearchAction","target":{"@type":"EntryPoint","urlTemplate":"https:\/\/www.semper-sicav.cz\/?s={search_term_string}"},"query-input":"required name=search_term_string"}],"inLanguage":"sk-SK"},{"@type":"ImageObject","@id":"https:\/\/www.semper-sicav.cz\/sk\/povinne-informacie\/#primaryimage","inLanguage":"sk-SK","url":"https:\/\/www.semper-sicav.cz\/wp-content\/uploads\/2017\/08\/page.jpg","contentUrl":"https:\/\/www.semper-sicav.cz\/wp-content\/uploads\/2017\/08\/page.jpg","width":3041,"height":845},{"@type":"WebPage","@id":"https:\/\/www.semper-sicav.cz\/sk\/povinne-informacie\/#webpage","url":"https:\/\/www.semper-sicav.cz\/sk\/povinne-informacie\/","name":"Povinn\u00e9 inform\u00e1cie - Semper","isPartOf":{"@id":"https:\/\/www.semper-sicav.cz\/#website"},"primaryImageOfPage":{"@id":"https:\/\/www.semper-sicav.cz\/sk\/povinne-informacie\/#primaryimage"},"datePublished":"2017-08-15T12:20:10+00:00","dateModified":"2022-07-28T09:11:54+00:00","breadcrumb":{"@id":"https:\/\/www.semper-sicav.cz\/sk\/povinne-informacie\/#breadcrumb"},"inLanguage":"sk-SK","potentialAction":[{"@type":"ReadAction","target":["https:\/\/www.semper-sicav.cz\/sk\/povinne-informacie\/"]}]},{"@type":"BreadcrumbList","@id":"https:\/\/www.semper-sicav.cz\/sk\/povinne-informacie\/#breadcrumb","itemListElement":[{"@type":"ListItem","position":1,"name":"Dom\u016f","item":"https:\/\/www.semper-sicav.cz\/sk\/"},{"@type":"ListItem","position":2,"name":"Povinn\u00e9 inform\u00e1cie"}]}]}},"_links":{"self":[{"href":"https:\/\/www.semper-sicav.cz\/sk\/wp-json\/wp\/v2\/pages\/105"}],"collection":[{"href":"https:\/\/www.semper-sicav.cz\/sk\/wp-json\/wp\/v2\/pages"}],"about":[{"href":"https:\/\/www.semper-sicav.cz\/sk\/wp-json\/wp\/v2\/types\/page"}],"author":[{"embeddable":true,"href":"https:\/\/www.semper-sicav.cz\/sk\/wp-json\/wp\/v2\/users\/1"}],"replies":[{"embeddable":true,"href":"https:\/\/www.semper-sicav.cz\/sk\/wp-json\/wp\/v2\/comments?post=105"}],"version-history":[{"count":9,"href":"https:\/\/www.semper-sicav.cz\/sk\/wp-json\/wp\/v2\/pages\/105\/revisions"}],"predecessor-version":[{"id":763,"href":"https:\/\/www.semper-sicav.cz\/sk\/wp-json\/wp\/v2\/pages\/105\/revisions\/763"}],"wp:featuredmedia":[{"embeddable":true,"href":"https:\/\/www.semper-sicav.cz\/sk\/wp-json\/wp\/v2\/media\/71"}],"wp:attachment":[{"href":"https:\/\/www.semper-sicav.cz\/sk\/wp-json\/wp\/v2\/media?parent=105"}],"curies":[{"name":"wp","href":"https:\/\/api.w.org\/{rel}","templated":true}]}}